{"id":18412,"date":"2022-01-28T13:46:00","date_gmt":"2022-01-28T13:46:00","guid":{"rendered":"https:\/\/suntonmakina.com\/?page_id=18412"},"modified":"2025-10-02T15:24:23","modified_gmt":"2025-10-02T15:24:23","slug":"hakkimizda","status":"publish","type":"page","link":"https:\/\/suntonmakina.com\/en\/about-us\/","title":{"rendered":"About Us"},"content":{"rendered":"<div data-elementor-type=\"wp-page\" data-elementor-id=\"18412\" class=\"elementor elementor-18412\">\n\t\t\t\t\t\t<section class=\"elementor-section elementor-top-section elementor-element elementor-element-a63bdb3 elementor-section-full_width elementor-section-height-default elementor-section-height-default sc_fly_static\" data-id=\"a63bdb3\" data-element_type=\"section\">\n\t\t\t\t\t\t<div class=\"elementor-container elementor-column-gap-extended\">\n\t\t\t\t\t<div class=\"elementor-column elementor-col-100 elementor-top-column elementor-element elementor-element-df9889f sc_inner_width_none sc_content_align_inherit sc_layouts_column_icons_position_left sc_fly_static\" data-id=\"df9889f\" data-element_type=\"column\">\n\t\t\t<div class=\"elementor-widget-wrap elementor-element-populated\">\n\t\t\t\t\t\t<div class=\"elementor-element elementor-element-9e1881b sc_fly_static elementor-widget elementor-widget-spacer\" data-id=\"9e1881b\" data-element_type=\"widget\" data-widget_type=\"spacer.default\">\n\t\t\t\t<div class=\"elementor-widget-container\">\n\t\t\t\t\t\t\t<div class=\"elementor-spacer\">\n\t\t\t<div class=\"elementor-spacer-inner\"><\/div>\n\t\t<\/div>\n\t\t\t\t\t\t<\/div>\n\t\t\t\t<\/div>\n\t\t\t\t\t<\/div>\n\t\t<\/div>\n\t\t\t\t\t<\/div>\n\t\t<\/section>\n\t\t\t\t<section class=\"elementor-section elementor-top-section elementor-element elementor-element-f6895e0 elementor-section-content-middle elementor-section-boxed elementor-section-height-default elementor-section-height-default sc_fly_static\" data-id=\"f6895e0\" data-element_type=\"section\">\n\t\t\t\t\t\t<div class=\"elementor-container elementor-column-gap-extended\">\n\t\t\t\t\t<div class=\"elementor-column elementor-col-100 elementor-top-column elementor-element elementor-element-4ddefc2 sc_inner_width_none sc_content_align_inherit sc_layouts_column_icons_position_left sc_fly_static\" data-id=\"4ddefc2\" data-element_type=\"column\">\n\t\t\t<div class=\"elementor-widget-wrap elementor-element-populated\">\n\t\t\t\t\t\t<div class=\"elementor-element elementor-element-5f23ebc sc_fly_static elementor-widget elementor-widget-trx_sc_title\" data-id=\"5f23ebc\" data-element_type=\"widget\" data-widget_type=\"trx_sc_title.default\">\n\t\t\t\t<div class=\"elementor-widget-container\">\n\t\t\t\t\t<div\t\tclass=\"sc_title sc_title_default\" ><div class=\"sc_item_descr sc_title_descr sc_align_center\"><p>As Sunton Makina, we are a company specializing in the import and export of high-tech laser cutting machines and industrial equipment. Our goal is to provide innovative solutions to the industrial sector by enhancing production capacity not only in Turkey but also in the global market.<\/p>\n<p>Sunton contributes to increasing industrial efficiency worldwide while enhancing production capacity in Turkey through the import and export of high-tech industrial equipment. By adopting a customer-centric approach at every step, we stay abreast of the latest technologies in the industry and offer these innovations to our business partners.<\/p>\n<p>With our extensive product range and deep industry knowledge, we not only provide products but also help our clients optimize their business processes and remain competitive in the global market.<\/p>\n<p>For us, quality is not just a goal but one of the cornerstones of our business. With this understanding behind our long-term successes, we build strong, trust-based relationships with our clients and support them on their growth journeys.<\/p>\n<p>As Sunton Makina, we will continue to uphold our leadership in the industry and always stay one step ahead with our vision of being the most reliable partner for industrial organizations worldwide.<\/p>\n<\/div><\/div>\t\t\t\t<\/div>\n\t\t\t\t<\/div>\n\t\t\t\t<div class=\"elementor-element elementor-element-9080095 sc_fly_static elementor-widget elementor-widget-trx_sc_button\" data-id=\"9080095\" data-element_type=\"widget\" data-widget_type=\"trx_sc_button.default\">\n\t\t\t\t<div class=\"elementor-widget-container\">\n\t\t\t\t\t<div\tclass=\"sc_item_button sc_button_wrap sc_align_center\" ><a href=\"tel:902128122421\" class=\"sc_button sc_button_simple button_bg_icon_color sc_button_size_large sc_button_with_icon sc_button_icon_left color_style_dark\" style=\"margin-top: 1px;\" ><span class=\"sc_button_icon\"><span class=\"icon-call\"><\/span><\/span><span class=\"sc_button_text\"><span class=\"sc_button_title\">+90 212 812 24 21<\/span><\/span><\/a><a href=\"mailto:info@suntonmakina.com\" class=\"sc_button sc_button_simple button_bg_icon_color sc_button_size_large sc_button_with_icon sc_button_icon_left color_style_dark\" style=\"margin-top: 1px;\" ><span class=\"sc_button_icon\"><span class=\"icon-mail-light\"><\/span><\/span><span class=\"sc_button_text\"><span class=\"sc_button_title\">iletisim@suntonmakina.com<\/span><\/span><\/a><\/div>\t\t\t\t<\/div>\n\t\t\t\t<\/div>\n\t\t\t\t\t<\/div>\n\t\t<\/div>\n\t\t\t\t\t<\/div>\n\t\t<\/section>\n\t\t\t\t<section class=\"elementor-section elementor-top-section elementor-element elementor-element-1d6d132 scheme_light elementor-section-boxed elementor-section-height-default elementor-section-height-default sc_fly_static\" data-id=\"1d6d132\" data-element_type=\"section\" data-settings=\"{&quot;background_background&quot;:&quot;classic&quot;}\">\n\t\t\t\t\t\t<div class=\"elementor-container elementor-column-gap-extended\">\n\t\t\t\t\t<div class=\"elementor-column elementor-col-100 elementor-top-column elementor-element elementor-element-cc1db6a sc_inner_width_none sc_content_align_inherit sc_layouts_column_icons_position_left sc_fly_static\" data-id=\"cc1db6a\" data-element_type=\"column\">\n\t\t\t<div class=\"elementor-widget-wrap elementor-element-populated\">\n\t\t\t\t\t\t<div class=\"elementor-element elementor-element-1088bad sc_fly_static elementor-widget elementor-widget-accordion\" data-id=\"1088bad\" data-element_type=\"widget\" data-widget_type=\"accordion.default\">\n\t\t\t\t<div class=\"elementor-widget-container\">\n\t\t\t\t\t\t\t<div class=\"elementor-accordion\">\n\t\t\t\t\t\t\t<div class=\"elementor-accordion-item\">\n\t\t\t\t\t<div id=\"elementor-tab-title-1731\" class=\"elementor-tab-title\" data-tab=\"1\" role=\"button\" aria-controls=\"elementor-tab-content-1731\" aria-expanded=\"false\">\n\t\t\t\t\t\t\t\t\t\t\t\t\t<span class=\"elementor-accordion-icon elementor-accordion-icon-left\" aria-hidden=\"true\">\n\t\t\t\t\t\t\t\t\t\t\t\t\t\t\t<span class=\"elementor-accordion-icon-closed\"><i class=\"fas fa-plus\"><\/i><\/span>\n\t\t\t\t\t\t\t\t<span class=\"elementor-accordion-icon-opened\"><i class=\"fas fa-minus\"><\/i><\/span>\n\t\t\t\t\t\t\t\t\t\t\t\t\t\t<\/span>\n\t\t\t\t\t\t\t\t\t\t\t\t<a class=\"elementor-accordion-title\" tabindex=\"0\">Our Mission<\/a>\n\t\t\t\t\t<\/div>\n\t\t\t\t\t<div id=\"elementor-tab-content-1731\" class=\"elementor-tab-content elementor-clearfix\" data-tab=\"1\" role=\"region\" aria-labelledby=\"elementor-tab-title-1731\"><p>Our mission is to stand by manufacturers by maintaining the highest level of product and service quality in the industrial technology sector and continually renewing ourselves.<\/p><\/div>\n\t\t\t\t<\/div>\n\t\t\t\t\t\t\t<div class=\"elementor-accordion-item\">\n\t\t\t\t\t<div id=\"elementor-tab-title-1732\" class=\"elementor-tab-title\" data-tab=\"2\" role=\"button\" aria-controls=\"elementor-tab-content-1732\" aria-expanded=\"false\">\n\t\t\t\t\t\t\t\t\t\t\t\t\t<span class=\"elementor-accordion-icon elementor-accordion-icon-left\" aria-hidden=\"true\">\n\t\t\t\t\t\t\t\t\t\t\t\t\t\t\t<span class=\"elementor-accordion-icon-closed\"><i class=\"fas fa-plus\"><\/i><\/span>\n\t\t\t\t\t\t\t\t<span class=\"elementor-accordion-icon-opened\"><i class=\"fas fa-minus\"><\/i><\/span>\n\t\t\t\t\t\t\t\t\t\t\t\t\t\t<\/span>\n\t\t\t\t\t\t\t\t\t\t\t\t<a class=\"elementor-accordion-title\" tabindex=\"0\">Our Vision<\/a>\n\t\t\t\t\t<\/div>\n\t\t\t\t\t<div id=\"elementor-tab-content-1732\" class=\"elementor-tab-content elementor-clearfix\" data-tab=\"2\" role=\"region\" aria-labelledby=\"elementor-tab-title-1732\"><p>Our vision is to actively work towards gaining customers' trust and being recognized for our good reputation, while contributing to Turkey's technological advancement.<\/p><\/div>\n\t\t\t\t<\/div>\n\t\t\t\t\t\t\t<div class=\"elementor-accordion-item\">\n\t\t\t\t\t<div id=\"elementor-tab-title-1733\" class=\"elementor-tab-title\" data-tab=\"3\" role=\"button\" aria-controls=\"elementor-tab-content-1733\" aria-expanded=\"false\">\n\t\t\t\t\t\t\t\t\t\t\t\t\t<span class=\"elementor-accordion-icon elementor-accordion-icon-left\" aria-hidden=\"true\">\n\t\t\t\t\t\t\t\t\t\t\t\t\t\t\t<span class=\"elementor-accordion-icon-closed\"><i class=\"fas fa-plus\"><\/i><\/span>\n\t\t\t\t\t\t\t\t<span class=\"elementor-accordion-icon-opened\"><i class=\"fas fa-minus\"><\/i><\/span>\n\t\t\t\t\t\t\t\t\t\t\t\t\t\t<\/span>\n\t\t\t\t\t\t\t\t\t\t\t\t<a class=\"elementor-accordion-title\" tabindex=\"0\">Our Future Plans<\/a>\n\t\t\t\t\t<\/div>\n\t\t\t\t\t<div id=\"elementor-tab-content-1733\" class=\"elementor-tab-content elementor-clearfix\" data-tab=\"3\" role=\"region\" aria-labelledby=\"elementor-tab-title-1733\"><p>Our goal is to expand our trade volume, strengthen the friendship between Turkey and China, and grow by localizing the production of high-tech industrial equipment in Turkey.<\/p><\/div>\n\t\t\t\t<\/div>\n\t\t\t\t\t\t\t\t<\/div>\n\t\t\t\t\t\t<\/div>\n\t\t\t\t<\/div>\n\t\t\t\t\t<\/div>\n\t\t<\/div>\n\t\t\t\t\t<\/div>\n\t\t<\/section>\n\t\t\t\t<section class=\"elementor-section elementor-top-section elementor-element elementor-element-2a970b8 elementor-section-content-middle elementor-section-boxed elementor-section-height-default elementor-section-height-default sc_fly_static\" data-id=\"2a970b8\" data-element_type=\"section\">\n\t\t\t\t\t\t<div class=\"elementor-container elementor-column-gap-extended\">\n\t\t\t\t\t<div class=\"elementor-column elementor-col-50 elementor-top-column elementor-element elementor-element-bfef27b sc_content_align_right sc-mobile_content_align_center sc-mobile_layouts_column_align_center sc_layouts_column sc_inner_width_none sc_layouts_column_icons_position_left sc_fly_static\" data-id=\"bfef27b\" data-element_type=\"column\">\n\t\t\t<div class=\"elementor-widget-wrap elementor-element-populated\">\n\t\t\t\t\t\t<div class=\"elementor-element elementor-element-7f552bd elementor-widget__width-initial sc_fly_static elementor-widget elementor-widget-trx_sc_title\" data-id=\"7f552bd\" data-element_type=\"widget\" data-widget_type=\"trx_sc_title.default\">\n\t\t\t\t<div class=\"elementor-widget-container\">\n\t\t\t\t\t<div\t\tclass=\"sc_title sc_title_accent\" ><span class=\"sc_item_subtitle sc_title_subtitle sc_align_left sc_item_subtitle_above sc_item_title_style_accent\">SUNTON MAK\u0130NA<\/span><h5 class=\"sc_item_title sc_title_title sc_align_left sc_item_title_style_accent sc_item_title_tag trx_addons_inline_1135741029\"\n\t\t\t><span class=\"sc_item_title_text\">Our Social Media Accounts\nFollow Us!\n<\/span><\/h5><div class=\"sc_item_descr sc_title_descr sc_align_left\"><p>Stay up to date with the latest industry developments and our brand\u2019s updates by following our social media accounts. Join us for news, innovations, and much more!<\/p>\n<\/div><\/div>\t\t\t\t<\/div>\n\t\t\t\t<\/div>\n\t\t\t\t<div class=\"elementor-element elementor-element-49169be e-grid-align-left e-grid-align-mobile-center elementor-widget__width-initial elementor-shape-rounded elementor-grid-0 sc_fly_static elementor-widget elementor-widget-social-icons\" data-id=\"49169be\" data-element_type=\"widget\" data-widget_type=\"social-icons.default\">\n\t\t\t\t<div class=\"elementor-widget-container\">\n\t\t\t\t\t\t\t<div class=\"elementor-social-icons-wrapper elementor-grid\">\n\t\t\t\t\t\t\t<span class=\"elementor-grid-item\">\n\t\t\t\t\t<a class=\"elementor-icon elementor-social-icon elementor-social-icon-linkedin elementor-repeater-item-6a30a6a\" href=\"https:\/\/tr.linkedin.com\/company\/sunton-precision-makina\" target=\"_blank\">\n\t\t\t\t\t\t<span class=\"elementor-screen-only\">Linkedin<\/span>\n\t\t\t\t\t\t<i class=\"fab fa-linkedin\"><\/i>\t\t\t\t\t<\/a>\n\t\t\t\t<\/span>\n\t\t\t\t\t\t\t<span class=\"elementor-grid-item\">\n\t\t\t\t\t<a class=\"elementor-icon elementor-social-icon elementor-social-icon-facebook elementor-repeater-item-a4624a7\" href=\"https:\/\/www.facebook.com\/people\/Sunton-Makina\/61565673850652\/#\" target=\"_blank\">\n\t\t\t\t\t\t<span class=\"elementor-screen-only\">Facebook<\/span>\n\t\t\t\t\t\t<i class=\"fab fa-facebook\"><\/i>\t\t\t\t\t<\/a>\n\t\t\t\t<\/span>\n\t\t\t\t\t\t\t<span class=\"elementor-grid-item\">\n\t\t\t\t\t<a class=\"elementor-icon elementor-social-icon elementor-social-icon-instagram elementor-repeater-item-d8ea225\" href=\"https:\/\/www.instagram.com\/suntonmakina\/\" target=\"_blank\">\n\t\t\t\t\t\t<span class=\"elementor-screen-only\">Instagram<\/span>\n\t\t\t\t\t\t<i class=\"fab fa-instagram\"><\/i>\t\t\t\t\t<\/a>\n\t\t\t\t<\/span>\n\t\t\t\t\t\t\t<span class=\"elementor-grid-item\">\n\t\t\t\t\t<a class=\"elementor-icon elementor-social-icon elementor-social-icon-youtube elementor-repeater-item-3745ea9\" href=\"https:\/\/www.youtube.com\/@suntonmakina\" target=\"_blank\">\n\t\t\t\t\t\t<span class=\"elementor-screen-only\">Youtube<\/span>\n\t\t\t\t\t\t<i class=\"fab fa-youtube\"><\/i>\t\t\t\t\t<\/a>\n\t\t\t\t<\/span>\n\t\t\t\t\t<\/div>\n\t\t\t\t\t\t<\/div>\n\t\t\t\t<\/div>\n\t\t\t\t\t<\/div>\n\t\t<\/div>\n\t\t\t\t<div class=\"elementor-column elementor-col-50 elementor-top-column elementor-element elementor-element-bbbf6c5 sc_content_align_left sc-mobile_content_align_center sc_layouts_column_align_left sc_layouts_column sc-mobile_layouts_column_align_center sc_layouts_column sc_inner_width_none sc_layouts_column_icons_position_left sc_fly_static\" data-id=\"bbbf6c5\" data-element_type=\"column\">\n\t\t\t<div class=\"elementor-widget-wrap elementor-element-populated\">\n\t\t\t\t\t\t<div class=\"elementor-element elementor-element-048198a elementor-widget__width-initial telefon animation_type_block sc_fly_static elementor-invisible elementor-widget elementor-widget-image\" data-id=\"048198a\" data-element_type=\"widget\" data-settings=\"{&quot;_animation&quot;:&quot;stakeholder-fadeinup&quot;}\" data-widget_type=\"image.default\">\n\t\t\t\t<div class=\"elementor-widget-container\">\n\t\t\t\t\t\t\t\t\t\t\t\t<figure class=\"wp-caption\">\n\t\t\t\t\t\t\t\t\t\t<img decoding=\"async\" src=\"https:\/\/suntonmakina.com\/wp-content\/uploads\/elementor\/thumbs\/mockuptelefon-r43w9g254z7y99r8jj4y4svzbr4fob9mp0eldjli3s.webp\" title=\"mockuptelefon\" alt=\"mockuptelefon\" loading=\"lazy\" \/>\t\t\t\t\t\t\t\t\t\t\t<figcaption class=\"widget-image-caption wp-caption-text\"><\/figcaption>\n\t\t\t\t\t\t\t\t\t\t<\/figure>\n\t\t\t\t\t\t\t\t\t<\/div>\n\t\t\t\t<\/div>\n\t\t\t\t\t<\/div>\n\t\t<\/div>\n\t\t\t\t\t<\/div>\n\t\t<\/section>\n\t\t\t\t<\/div>","protected":false},"excerpt":{"rendered":"<p>Sunton Makina olarak, y\u00fcksek teknolojili lazer kesim makineleri ve end\u00fcstriyel ekipmanlar\u0131n ithalat\u0131 ve ihracat\u0131nda uzmanla\u015fm\u0131\u015f bir firmay\u0131z. Amac\u0131m\u0131z, yaln\u0131zca T\u00fcrkiye\u2019de de\u011fil, global pazarda da \u00fcretim g\u00fcc\u00fcn\u00fc art\u0131rarak sanayi sekt\u00f6r\u00fcne yenilik\u00e7i&hellip;<\/p>","protected":false},"author":1,"featured_media":0,"parent":0,"menu_order":4,"comment_status":"closed","ping_status":"closed","template":"","meta":{"_acf_changed":false,"footnotes":""},"class_list":["post-18412","page","type-page","status-publish","hentry"],"acf":[],"_links":{"self":[{"href":"https:\/\/suntonmakina.com\/en\/wp-json\/wp\/v2\/pages\/18412","targetHints":{"allow":["GET"]}}],"collection":[{"href":"https:\/\/suntonmakina.com\/en\/wp-json\/wp\/v2\/pages"}],"about":[{"href":"https:\/\/suntonmakina.com\/en\/wp-json\/wp\/v2\/types\/page"}],"author":[{"embeddable":true,"href":"https:\/\/suntonmakina.com\/en\/wp-json\/wp\/v2\/users\/1"}],"replies":[{"embeddable":true,"href":"https:\/\/suntonmakina.com\/en\/wp-json\/wp\/v2\/comments?post=18412"}],"version-history":[{"count":81,"href":"https:\/\/suntonmakina.com\/en\/wp-json\/wp\/v2\/pages\/18412\/revisions"}],"predecessor-version":[{"id":27671,"href":"https:\/\/suntonmakina.com\/en\/wp-json\/wp\/v2\/pages\/18412\/revisions\/27671"}],"wp:attachment":[{"href":"https:\/\/suntonmakina.com\/en\/wp-json\/wp\/v2\/media?parent=18412"}],"curies":[{"name":"wp","href":"https:\/\/api.w.org\/{rel}","templated":true}]}}