{"id":18423,"date":"2022-01-28T13:49:19","date_gmt":"2022-01-28T13:49:19","guid":{"rendered":"https:\/\/suntonmakina.com\/?page_id=18423"},"modified":"2025-11-19T10:52:49","modified_gmt":"2025-11-19T10:52:49","slug":"is-birligi","status":"publish","type":"page","link":"https:\/\/suntonmakina.com\/en\/collaboration\/","title":{"rendered":"Collaboration"},"content":{"rendered":"<div data-elementor-type=\"wp-page\" data-elementor-id=\"18423\" class=\"elementor elementor-18423\">\n\t\t\t\t\t\t<section class=\"elementor-section elementor-top-section elementor-element elementor-element-1417c711 elementor-section-boxed elementor-section-height-default elementor-section-height-default sc_fly_static\" data-id=\"1417c711\" data-element_type=\"section\">\n\t\t\t\t\t\t<div class=\"elementor-container elementor-column-gap-extended\">\n\t\t\t\t\t<div class=\"elementor-column elementor-col-100 elementor-top-column elementor-element elementor-element-2d4a17de sc_inner_width_none sc_content_align_inherit sc_layouts_column_icons_position_left sc_fly_static\" data-id=\"2d4a17de\" data-element_type=\"column\">\n\t\t\t<div class=\"elementor-widget-wrap elementor-element-populated\">\n\t\t\t\t\t\t<div class=\"elementor-element elementor-element-b8ad74b sc_height_tiny sc_fly_static elementor-widget elementor-widget-spacer\" data-id=\"b8ad74b\" data-element_type=\"widget\" data-widget_type=\"spacer.default\">\n\t\t\t\t<div class=\"elementor-widget-container\">\n\t\t\t\t\t\t\t<div class=\"elementor-spacer\">\n\t\t\t<div class=\"elementor-spacer-inner\"><\/div>\n\t\t<\/div>\n\t\t\t\t\t\t<\/div>\n\t\t\t\t<\/div>\n\t\t\t\t<div class=\"elementor-element elementor-element-5e6ad74e sc_fly_static elementor-widget elementor-widget-trx_sc_title\" data-id=\"5e6ad74e\" data-element_type=\"widget\" data-widget_type=\"trx_sc_title.default\">\n\t\t\t\t<div class=\"elementor-widget-container\">\n\t\t\t\t\t<div\t\tclass=\"sc_title sc_title_default\" ><h5 class=\"sc_item_title sc_title_title sc_align_center sc_item_title_style_default sc_item_title_tag\"\n\t\t\t><span class=\"sc_item_title_text\">HSG LASER CO. LTD<\/span><\/h5><\/div>\t\t\t\t<\/div>\n\t\t\t\t<\/div>\n\t\t\t\t<div class=\"elementor-element elementor-element-2bdd515f sc_height_tiny sc_fly_static elementor-widget elementor-widget-spacer\" data-id=\"2bdd515f\" data-element_type=\"widget\" data-widget_type=\"spacer.default\">\n\t\t\t\t<div class=\"elementor-widget-container\">\n\t\t\t\t\t\t\t<div class=\"elementor-spacer\">\n\t\t\t<div class=\"elementor-spacer-inner\"><\/div>\n\t\t<\/div>\n\t\t\t\t\t\t<\/div>\n\t\t\t\t<\/div>\n\t\t\t\t<div class=\"elementor-element elementor-element-74c2c2a7 sc_fly_static elementor-widget elementor-widget-text-editor\" data-id=\"74c2c2a7\" data-element_type=\"widget\" data-widget_type=\"text-editor.default\">\n\t\t\t\t<div class=\"elementor-widget-container\">\n\t\t\t\t\t\t\t\t\t<p>As Sunton Makina D\u0131\u015f Tic. A.\u015e. we are proud to be in a strong and comprehensive business partnership with HSG LASER CO. LTD. Our company maintains a sufficient stock of spare parts and equipment, and with our experienced marketing and service team, we are committed to providing the best service to our customers. Through our collaboration with HSG Laser, we aim to offer higher-quality products and more comprehensive solutions to our clients. <\/p>\t\t\t\t\t\t\t\t<\/div>\n\t\t\t\t<\/div>\n\t\t\t\t\t<\/div>\n\t\t<\/div>\n\t\t\t\t\t<\/div>\n\t\t<\/section>\n\t\t\t\t<section class=\"elementor-section elementor-top-section elementor-element elementor-element-ab60a2f elementor-section-boxed elementor-section-height-default elementor-section-height-default sc_fly_static\" data-id=\"ab60a2f\" data-element_type=\"section\">\n\t\t\t\t\t\t<div class=\"elementor-container elementor-column-gap-extended\">\n\t\t\t\t\t<div class=\"elementor-column elementor-col-100 elementor-top-column elementor-element elementor-element-5992bf6 sc_inner_width_none sc_content_align_inherit sc_layouts_column_icons_position_left sc_fly_static\" data-id=\"5992bf6\" data-element_type=\"column\">\n\t\t\t<div class=\"elementor-widget-wrap elementor-element-populated\">\n\t\t\t\t\t\t<div class=\"elementor-element elementor-element-f652113 sc_height_small sc_fly_static elementor-widget elementor-widget-spacer\" data-id=\"f652113\" data-element_type=\"widget\" data-widget_type=\"spacer.default\">\n\t\t\t\t<div class=\"elementor-widget-container\">\n\t\t\t\t\t\t\t<div class=\"elementor-spacer\">\n\t\t\t<div class=\"elementor-spacer-inner\"><\/div>\n\t\t<\/div>\n\t\t\t\t\t\t<\/div>\n\t\t\t\t<\/div>\n\t\t\t\t<div class=\"elementor-element elementor-element-4900a46 sc_fly_static elementor-widget elementor-widget-image\" data-id=\"4900a46\" data-element_type=\"widget\" data-widget_type=\"image.default\">\n\t\t\t\t<div class=\"elementor-widget-container\">\n\t\t\t\t\t\t\t\t\t\t\t\t\t\t\t<img fetchpriority=\"high\" decoding=\"async\" width=\"1024\" height=\"711\" src=\"https:\/\/suntonmakina.com\/wp-content\/uploads\/2025\/04\/sertifika.webp\" class=\"attachment-large size-large wp-image-24866\" alt=\"\" srcset=\"https:\/\/suntonmakina.com\/wp-content\/uploads\/2025\/04\/sertifika.webp 1024w, https:\/\/suntonmakina.com\/wp-content\/uploads\/2025\/04\/sertifika-300x208.webp 300w, https:\/\/suntonmakina.com\/wp-content\/uploads\/2025\/04\/sertifika-768x533.webp 768w, https:\/\/suntonmakina.com\/wp-content\/uploads\/2025\/04\/sertifika-18x12.webp 18w, https:\/\/suntonmakina.com\/wp-content\/uploads\/2025\/04\/sertifika-370x257.webp 370w, https:\/\/suntonmakina.com\/wp-content\/uploads\/2025\/04\/sertifika-840x583.webp 840w, https:\/\/suntonmakina.com\/wp-content\/uploads\/2025\/04\/sertifika-410x285.webp 410w, https:\/\/suntonmakina.com\/wp-content\/uploads\/2025\/04\/sertifika-600x417.webp 600w\" sizes=\"(max-width: 1024px) 100vw, 1024px\" \/>\t\t\t\t\t\t\t\t\t\t\t\t\t\t\t<\/div>\n\t\t\t\t<\/div>\n\t\t\t\t<div class=\"elementor-element elementor-element-2c6d0af sc_height_huge sc_fly_static elementor-widget elementor-widget-spacer\" data-id=\"2c6d0af\" data-element_type=\"widget\" data-widget_type=\"spacer.default\">\n\t\t\t\t<div class=\"elementor-widget-container\">\n\t\t\t\t\t\t\t<div class=\"elementor-spacer\">\n\t\t\t<div class=\"elementor-spacer-inner\"><\/div>\n\t\t<\/div>\n\t\t\t\t\t\t<\/div>\n\t\t\t\t<\/div>\n\t\t\t\t\t<\/div>\n\t\t<\/div>\n\t\t\t\t\t<\/div>\n\t\t<\/section>\n\t\t\t\t<section class=\"elementor-section elementor-top-section elementor-element elementor-element-4053d20 elementor-section-content-middle elementor-section-boxed elementor-section-height-default elementor-section-height-default sc_fly_static\" data-id=\"4053d20\" data-element_type=\"section\">\n\t\t\t\t\t\t<div class=\"elementor-container elementor-column-gap-extended\">\n\t\t\t\t\t<div class=\"elementor-column elementor-col-50 elementor-top-column elementor-element elementor-element-79daf0c sc_content_align_right sc-mobile_content_align_center sc-mobile_layouts_column_align_center sc_layouts_column sc_inner_width_none sc_layouts_column_icons_position_left sc_fly_static\" data-id=\"79daf0c\" data-element_type=\"column\">\n\t\t\t<div class=\"elementor-widget-wrap elementor-element-populated\">\n\t\t\t\t\t\t<div class=\"elementor-element elementor-element-99279b4 elementor-widget__width-initial sc_fly_static elementor-widget elementor-widget-trx_sc_title\" data-id=\"99279b4\" data-element_type=\"widget\" data-widget_type=\"trx_sc_title.default\">\n\t\t\t\t<div class=\"elementor-widget-container\">\n\t\t\t\t\t<div\t\tclass=\"sc_title sc_title_accent\" ><span class=\"sc_item_subtitle sc_title_subtitle sc_align_left sc_item_subtitle_above sc_item_title_style_accent\">SUNTON MAK\u0130NA<\/span><h5 class=\"sc_item_title sc_title_title sc_align_left sc_item_title_style_accent sc_item_title_tag trx_addons_inline_1913102619\"\n\t\t\t><span class=\"sc_item_title_text\">Our Social Media Accounts\nFollow Us!\n<\/span><\/h5><div class=\"sc_item_descr sc_title_descr sc_align_left\"><p>Stay up to date with the latest industry developments and our brand\u2019s updates by following our social media accounts. Join us for news, innovations, and much more!<\/p>\n<\/div><\/div>\t\t\t\t<\/div>\n\t\t\t\t<\/div>\n\t\t\t\t<div class=\"elementor-element elementor-element-20d79f6 e-grid-align-left e-grid-align-mobile-center elementor-widget__width-initial elementor-shape-rounded elementor-grid-0 sc_fly_static elementor-widget elementor-widget-social-icons\" data-id=\"20d79f6\" data-element_type=\"widget\" data-widget_type=\"social-icons.default\">\n\t\t\t\t<div class=\"elementor-widget-container\">\n\t\t\t\t\t<style>.elementor-element-20d79f6{display:none !important}<\/style>\t\t\t\t<\/div>\n\t\t\t\t<\/div>\n\t\t\t\t<div class=\"elementor-element elementor-element-de72db8 e-grid-align-left e-grid-align-mobile-center elementor-widget__width-initial elementor-shape-rounded elementor-grid-0 sc_fly_static elementor-widget elementor-widget-social-icons\" data-id=\"de72db8\" data-element_type=\"widget\" data-widget_type=\"social-icons.default\">\n\t\t\t\t<div class=\"elementor-widget-container\">\n\t\t\t\t\t\t\t<div class=\"elementor-social-icons-wrapper elementor-grid\">\n\t\t\t\t\t\t\t<span class=\"elementor-grid-item\">\n\t\t\t\t\t<a class=\"elementor-icon elementor-social-icon elementor-social-icon-linkedin elementor-repeater-item-6a30a6a\" href=\"https:\/\/tr.linkedin.com\/company\/sunton-precision-makina\" target=\"_blank\">\n\t\t\t\t\t\t<span class=\"elementor-screen-only\">Linkedin<\/span>\n\t\t\t\t\t\t<i class=\"fab fa-linkedin\"><\/i>\t\t\t\t\t<\/a>\n\t\t\t\t<\/span>\n\t\t\t\t\t\t\t<span class=\"elementor-grid-item\">\n\t\t\t\t\t<a class=\"elementor-icon elementor-social-icon elementor-social-icon-facebook elementor-repeater-item-a4624a7\" href=\"https:\/\/www.facebook.com\/people\/Sunton-Makina\/61565673850652\/#\" target=\"_blank\">\n\t\t\t\t\t\t<span class=\"elementor-screen-only\">Facebook<\/span>\n\t\t\t\t\t\t<i class=\"fab fa-facebook\"><\/i>\t\t\t\t\t<\/a>\n\t\t\t\t<\/span>\n\t\t\t\t\t\t\t<span class=\"elementor-grid-item\">\n\t\t\t\t\t<a class=\"elementor-icon elementor-social-icon elementor-social-icon-instagram elementor-repeater-item-d8ea225\" href=\"https:\/\/www.instagram.com\/suntonmakina\/\" target=\"_blank\">\n\t\t\t\t\t\t<span class=\"elementor-screen-only\">Instagram<\/span>\n\t\t\t\t\t\t<i class=\"fab fa-instagram\"><\/i>\t\t\t\t\t<\/a>\n\t\t\t\t<\/span>\n\t\t\t\t\t\t\t<span class=\"elementor-grid-item\">\n\t\t\t\t\t<a class=\"elementor-icon elementor-social-icon elementor-social-icon-youtube elementor-repeater-item-3745ea9\" href=\"https:\/\/www.youtube.com\/@suntonmakina\" target=\"_blank\">\n\t\t\t\t\t\t<span class=\"elementor-screen-only\">Youtube<\/span>\n\t\t\t\t\t\t<i class=\"fab fa-youtube\"><\/i>\t\t\t\t\t<\/a>\n\t\t\t\t<\/span>\n\t\t\t\t\t<\/div>\n\t\t\t\t\t\t<\/div>\n\t\t\t\t<\/div>\n\t\t\t\t\t<\/div>\n\t\t<\/div>\n\t\t\t\t<div class=\"elementor-column elementor-col-50 elementor-top-column elementor-element elementor-element-2fa351b sc_content_align_left sc-mobile_content_align_center sc_layouts_column_align_left sc_layouts_column sc-mobile_layouts_column_align_center sc_layouts_column sc_inner_width_none sc_layouts_column_icons_position_left sc_fly_static\" data-id=\"2fa351b\" data-element_type=\"column\">\n\t\t\t<div class=\"elementor-widget-wrap elementor-element-populated\">\n\t\t\t\t\t\t<div class=\"elementor-element elementor-element-885bcf9 elementor-widget__width-initial telefon animation_type_block sc_fly_static elementor-invisible elementor-widget elementor-widget-image\" data-id=\"885bcf9\" data-element_type=\"widget\" data-settings=\"{&quot;_animation&quot;:&quot;stakeholder-fadeinup&quot;}\" data-widget_type=\"image.default\">\n\t\t\t\t<div class=\"elementor-widget-container\">\n\t\t\t\t\t\t\t\t\t\t\t\t<figure class=\"wp-caption\">\n\t\t\t\t\t\t\t\t\t\t<img decoding=\"async\" src=\"https:\/\/suntonmakina.com\/wp-content\/uploads\/elementor\/thumbs\/mockuptelefon-r43w9g254z7y99r8jj4y4svzbr4fob9mp0eldjli3s.webp\" title=\"mockuptelefon\" alt=\"mockuptelefon\" loading=\"lazy\" \/>\t\t\t\t\t\t\t\t\t\t\t<figcaption class=\"widget-image-caption wp-caption-text\"><\/figcaption>\n\t\t\t\t\t\t\t\t\t\t<\/figure>\n\t\t\t\t\t\t\t\t\t<\/div>\n\t\t\t\t<\/div>\n\t\t\t\t\t<\/div>\n\t\t<\/div>\n\t\t\t\t\t<\/div>\n\t\t<\/section>\n\t\t\t\t<\/div>","protected":false},"excerpt":{"rendered":"<p>HSG LASER CO. LTD Sunton Makina D\u0131\u015f Tic. A.\u015e. olarak, HSG LASER CO. LTD ile g\u00fc\u00e7l\u00fc ve kapsaml\u0131 bir ticari i\u015fbirli\u011fi i\u00e7inde olmaktan gurur duyuyoruz. \u015eirketimiz, yeterli yedek par\u00e7a ve&hellip;<\/p>","protected":false},"author":1,"featured_media":0,"parent":0,"menu_order":8,"comment_status":"closed","ping_status":"closed","template":"","meta":{"_acf_changed":false,"footnotes":""},"class_list":["post-18423","page","type-page","status-publish","hentry"],"acf":[],"_links":{"self":[{"href":"https:\/\/suntonmakina.com\/en\/wp-json\/wp\/v2\/pages\/18423","targetHints":{"allow":["GET"]}}],"collection":[{"href":"https:\/\/suntonmakina.com\/en\/wp-json\/wp\/v2\/pages"}],"about":[{"href":"https:\/\/suntonmakina.com\/en\/wp-json\/wp\/v2\/types\/page"}],"author":[{"embeddable":true,"href":"https:\/\/suntonmakina.com\/en\/wp-json\/wp\/v2\/users\/1"}],"replies":[{"embeddable":true,"href":"https:\/\/suntonmakina.com\/en\/wp-json\/wp\/v2\/comments?post=18423"}],"version-history":[{"count":70,"href":"https:\/\/suntonmakina.com\/en\/wp-json\/wp\/v2\/pages\/18423\/revisions"}],"predecessor-version":[{"id":28136,"href":"https:\/\/suntonmakina.com\/en\/wp-json\/wp\/v2\/pages\/18423\/revisions\/28136"}],"wp:attachment":[{"href":"https:\/\/suntonmakina.com\/en\/wp-json\/wp\/v2\/media?parent=18423"}],"curies":[{"name":"wp","href":"https:\/\/api.w.org\/{rel}","templated":true}]}}