{"id":25639,"date":"2025-05-07T11:50:54","date_gmt":"2025-05-07T11:50:54","guid":{"rendered":"https:\/\/suntonmakina.com\/?page_id=25639"},"modified":"2026-02-04T08:09:18","modified_gmt":"2026-02-04T08:09:18","slug":"sac-ve-tup-lazer-kesim","status":"publish","type":"page","link":"https:\/\/suntonmakina.com\/en\/sheet-and-tube-laser-cutting-machines\/","title":{"rendered":"Sheet &amp; Tube Metal Fiber Laser Cutting Machine"},"content":{"rendered":"<div data-elementor-type=\"wp-page\" data-elementor-id=\"25639\" class=\"elementor elementor-25639\">\n\t\t\t\t\t\t<section class=\"elementor-section elementor-top-section elementor-element elementor-element-8725706 elementor-section-boxed elementor-section-height-default elementor-section-height-default sc_fly_static\" data-id=\"8725706\" data-element_type=\"section\">\n\t\t\t\t\t\t<div class=\"elementor-container elementor-column-gap-extended\">\n\t\t\t\t\t<div class=\"elementor-column elementor-col-100 elementor-top-column elementor-element elementor-element-226a502 sc_inner_width_none sc_content_align_inherit sc_layouts_column_icons_position_left sc_fly_static\" data-id=\"226a502\" data-element_type=\"column\">\n\t\t\t<div class=\"elementor-widget-wrap elementor-element-populated\">\n\t\t\t\t\t\t<div class=\"elementor-element elementor-element-0356d8b sc_height_medium sc_fly_static elementor-widget elementor-widget-spacer\" data-id=\"0356d8b\" data-element_type=\"widget\" data-widget_type=\"spacer.default\">\n\t\t\t\t<div class=\"elementor-widget-container\">\n\t\t\t\t\t\t\t<div class=\"elementor-spacer\">\n\t\t\t<div class=\"elementor-spacer-inner\"><\/div>\n\t\t<\/div>\n\t\t\t\t\t\t<\/div>\n\t\t\t\t<\/div>\n\t\t\t\t<div class=\"elementor-element elementor-element-afed49e sc_fly_static elementor-widget elementor-widget-heading\" data-id=\"afed49e\" data-element_type=\"widget\" data-widget_type=\"heading.default\">\n\t\t\t\t<div class=\"elementor-widget-container\">\n\t\t\t\t\t<h1 class=\"elementor-heading-title elementor-size-default\">Sheet and Tube Laser Cutting Machines<\/h1>\t\t\t\t<\/div>\n\t\t\t\t<\/div>\n\t\t\t\t<div class=\"elementor-element elementor-element-5fc78a0 sc_fly_static elementor-widget elementor-widget-heading\" data-id=\"5fc78a0\" data-element_type=\"widget\" data-widget_type=\"heading.default\">\n\t\t\t\t<div class=\"elementor-widget-container\">\n\t\t\t\t\t<p class=\"elementor-heading-title elementor-size-default\">The combined sheet and tube laser cutter<span style=\"font-weight: normal;\">offers a versatile solution by integrating flat sheet and profile cutting into one system. By streamlining the transition between various materials, it significantly enhances production flexibility. This dual-purpose design is perfect for multi-tasking manufacturing, as it optimizes both workspace and investment costs while ensuring high-precision efficiency.<\/span><span style=\"font-size: 17px; letter-spacing: 0px;\"><\/span><\/p>\t\t\t\t<\/div>\n\t\t\t\t<\/div>\n\t\t\t\t<div class=\"elementor-element elementor-element-e0767f3 e-transform elementor-widget__width-initial sc_style_default sc_fly_static elementor-widget elementor-widget-trx_sc_blogger\" data-id=\"e0767f3\" data-element_type=\"widget\" data-settings=\"{&quot;_transform_skewX_effect&quot;:{&quot;unit&quot;:&quot;px&quot;,&quot;size&quot;:&quot;&quot;,&quot;sizes&quot;:[]},&quot;_transform_skewX_effect_tablet&quot;:{&quot;unit&quot;:&quot;deg&quot;,&quot;size&quot;:&quot;&quot;,&quot;sizes&quot;:[]},&quot;_transform_skewX_effect_mobile&quot;:{&quot;unit&quot;:&quot;deg&quot;,&quot;size&quot;:&quot;&quot;,&quot;sizes&quot;:[]},&quot;_transform_skewY_effect&quot;:{&quot;unit&quot;:&quot;px&quot;,&quot;size&quot;:&quot;&quot;,&quot;sizes&quot;:[]},&quot;_transform_skewY_effect_tablet&quot;:{&quot;unit&quot;:&quot;deg&quot;,&quot;size&quot;:&quot;&quot;,&quot;sizes&quot;:[]},&quot;_transform_skewY_effect_mobile&quot;:{&quot;unit&quot;:&quot;deg&quot;,&quot;size&quot;:&quot;&quot;,&quot;sizes&quot;:[]}}\" data-widget_type=\"trx_sc_blogger.default\">\n\t\t\t\t<div class=\"elementor-widget-container\">\n\t\t\t\t\t<div \t\tclass=\"sc_blogger sc_blogger_portestate sc_blogger_portestate_default sc_item_filters_tabs_none alignnone\" ><div class=\"sc_blogger_columns_wrap sc_item_columns sc_item_posts_container trx_addons_columns_wrap columns_padding_bottom columns_in_single_row\" ><div class=\"trx_addons_column-1_3\"><div data-post-id=\"23662\" data-item-number=\"1\" class=\"sc_blogger_item sc_item_container post_container sc_blogger_item_portestate sc_blogger_item_portestate_default sc_blogger_item_odd sc_blogger_item_align_left post_format_standard sc_blogger_item_with_image sc_blogger_item_no_excerpt sc_blogger_item_image_position_top post-23662 cpt_portfolio type-cpt_portfolio status-publish has-post-thumbnail hentry cpt_portfolio_group-sac-ve-tup-lazer-kesim-makinesi\" ><div class=\"sc_blogger_item_body\"><div class=\"post_featured with_thumb hover_link sc_item_featured sc_blogger_item_featured\"><img fetchpriority=\"high\" decoding=\"async\" width=\"2560\" height=\"1524\" src=\"https:\/\/suntonmakina.com\/wp-content\/uploads\/2024\/08\/G3015XE-scaled.jpg\" class=\"attachment-full size-full wp-post-image\" alt=\"\" srcset=\"https:\/\/suntonmakina.com\/wp-content\/uploads\/2024\/08\/G3015XE-scaled.jpg 2560w, https:\/\/suntonmakina.com\/wp-content\/uploads\/2024\/08\/G3015XE-300x179.jpg 300w, https:\/\/suntonmakina.com\/wp-content\/uploads\/2024\/08\/G3015XE-1024x609.jpg 1024w, https:\/\/suntonmakina.com\/wp-content\/uploads\/2024\/08\/G3015XE-768x457.jpg 768w, https:\/\/suntonmakina.com\/wp-content\/uploads\/2024\/08\/G3015XE-1536x914.jpg 1536w, https:\/\/suntonmakina.com\/wp-content\/uploads\/2024\/08\/G3015XE-2048x1219.jpg 2048w, https:\/\/suntonmakina.com\/wp-content\/uploads\/2024\/08\/G3015XE-370x220.jpg 370w, https:\/\/suntonmakina.com\/wp-content\/uploads\/2024\/08\/G3015XE-840x500.jpg 840w, https:\/\/suntonmakina.com\/wp-content\/uploads\/2024\/08\/G3015XE-410x244.jpg 410w, https:\/\/suntonmakina.com\/wp-content\/uploads\/2024\/08\/G3015XE-600x357.jpg 600w\" sizes=\"(max-width: 2560px) 100vw, 2560px\" \/>\t\t\t\t\t\t<div class=\"mask\"><\/div>\n\t\t\t\t\t\t\t\t\t<a href=\"https:\/\/suntonmakina.com\/en\/urunlerimiz\/laser-cutting-machine-gxe\/\"  aria-hidden=\"true\" class=\"link\"><\/a>\r\n\t\t\t<\/div><div class=\"sc_blogger_item_content entry-content\"><h2 class=\"sc_blogger_item_title entry-title\" data-item-number=\"1\"><a href=\"https:\/\/suntonmakina.com\/en\/urunlerimiz\/laser-cutting-machine-gxe\/\" rel=\"bookmark\">GXE<\/a><\/h5><div class=\"post_meta sc_blogger_item_meta post_meta_categories\"><span class=\"post_meta_item post_categories cat_sep\"><a href=\"https:\/\/suntonmakina.com\/en\/sheet-and-tube-laser-cutting-machines\/\"><span>Sheet &amp; Tube Metal Fiber Laser Cutting Machine<\/span><\/a><\/span><\/div><\/div><!-- .entry-content --><\/div><!-- .sc_blogger_item_body --><\/div><!-- .sc_blogger_item --><\/div><div class=\"trx_addons_column-1_3\"><div data-post-id=\"23671\" data-item-number=\"2\" class=\"sc_blogger_item sc_item_container post_container sc_blogger_item_portestate sc_blogger_item_portestate_default sc_blogger_item_even sc_blogger_item_align_left post_format_standard sc_blogger_item_with_image sc_blogger_item_no_excerpt sc_blogger_item_image_position_top post-23671 cpt_portfolio type-cpt_portfolio status-publish has-post-thumbnail hentry cpt_portfolio_group-sac-ve-tup-lazer-kesim-makinesi\" ><div class=\"sc_blogger_item_body\"><div class=\"post_featured with_thumb hover_link sc_item_featured sc_blogger_item_featured\"><img decoding=\"async\" width=\"2560\" height=\"1416\" src=\"https:\/\/suntonmakina.com\/wp-content\/uploads\/2024\/08\/G3015B-scaled-1.webp\" class=\"attachment-full size-full not-transparent wp-post-image\" alt=\"\" srcset=\"https:\/\/suntonmakina.com\/wp-content\/uploads\/2024\/08\/G3015B-scaled-1.webp 2560w, https:\/\/suntonmakina.com\/wp-content\/uploads\/2024\/08\/G3015B-scaled-1-300x166.webp 300w, https:\/\/suntonmakina.com\/wp-content\/uploads\/2024\/08\/G3015B-scaled-1-1024x566.webp 1024w, https:\/\/suntonmakina.com\/wp-content\/uploads\/2024\/08\/G3015B-scaled-1-768x425.webp 768w, https:\/\/suntonmakina.com\/wp-content\/uploads\/2024\/08\/G3015B-scaled-1-1536x850.webp 1536w, https:\/\/suntonmakina.com\/wp-content\/uploads\/2024\/08\/G3015B-scaled-1-2048x1133.webp 2048w, https:\/\/suntonmakina.com\/wp-content\/uploads\/2024\/08\/G3015B-scaled-1-18x10.webp 18w, https:\/\/suntonmakina.com\/wp-content\/uploads\/2024\/08\/G3015B-scaled-1-370x205.webp 370w, https:\/\/suntonmakina.com\/wp-content\/uploads\/2024\/08\/G3015B-scaled-1-840x465.webp 840w, https:\/\/suntonmakina.com\/wp-content\/uploads\/2024\/08\/G3015B-scaled-1-410x227.webp 410w, https:\/\/suntonmakina.com\/wp-content\/uploads\/2024\/08\/G3015B-scaled-1-320x177.webp 320w, https:\/\/suntonmakina.com\/wp-content\/uploads\/2024\/08\/G3015B-scaled-1-480x266.webp 480w, https:\/\/suntonmakina.com\/wp-content\/uploads\/2024\/08\/G3015B-scaled-1-800x443.webp 800w\" sizes=\"(max-width: 2560px) 100vw, 2560px\" data-has-transparency=\"false\" data-dominant-color=\"cccccc\" style=\"--dominant-color: #cccccc;\" \/>\t\t\t\t\t\t<div class=\"mask\"><\/div>\n\t\t\t\t\t\t\t\t\t<a href=\"https:\/\/suntonmakina.com\/en\/urunlerimiz\/laser-cutting-machine-gb\/\"  aria-hidden=\"true\" class=\"link\"><\/a>\r\n\t\t\t<\/div><div class=\"sc_blogger_item_content entry-content\"><h2 class=\"sc_blogger_item_title entry-title\" data-item-number=\"2\"><a href=\"https:\/\/suntonmakina.com\/en\/urunlerimiz\/laser-cutting-machine-gb\/\" rel=\"bookmark\">GB<\/a><\/h5><div class=\"post_meta sc_blogger_item_meta post_meta_categories\"><span class=\"post_meta_item post_categories cat_sep\"><a href=\"https:\/\/suntonmakina.com\/en\/sheet-and-tube-laser-cutting-machines\/\"><span>Sheet &amp; Tube Metal Fiber Laser Cutting Machine<\/span><\/a><\/span><\/div><\/div><!-- .entry-content --><\/div><!-- .sc_blogger_item_body --><\/div><!-- .sc_blogger_item --><\/div><\/div><\/div>\t\t\t\t<\/div>\n\t\t\t\t<\/div>\n\t\t\t\t<div class=\"elementor-element elementor-element-41fe6d4 sc_height_huge sc_fly_static elementor-widget elementor-widget-spacer\" data-id=\"41fe6d4\" data-element_type=\"widget\" data-widget_type=\"spacer.default\">\n\t\t\t\t<div class=\"elementor-widget-container\">\n\t\t\t\t\t\t\t<div class=\"elementor-spacer\">\n\t\t\t<div class=\"elementor-spacer-inner\"><\/div>\n\t\t<\/div>\n\t\t\t\t\t\t<\/div>\n\t\t\t\t<\/div>\n\t\t\t\t\t<\/div>\n\t\t<\/div>\n\t\t\t\t\t<\/div>\n\t\t<\/section>\n\t\t\t\t<section class=\"elementor-section elementor-top-section elementor-element elementor-element-dcd87b1 elementor-section-content-middle elementor-section-boxed elementor-section-height-default elementor-section-height-default sc_fly_static\" data-id=\"dcd87b1\" data-element_type=\"section\">\n\t\t\t\t\t\t<div class=\"elementor-container elementor-column-gap-extended\">\n\t\t\t\t\t<div class=\"elementor-column elementor-col-50 elementor-top-column elementor-element elementor-element-a2c4d7e sc_content_align_right sc-mobile_content_align_center sc-mobile_layouts_column_align_center sc_layouts_column sc_inner_width_none sc_layouts_column_icons_position_left sc_fly_static\" data-id=\"a2c4d7e\" data-element_type=\"column\">\n\t\t\t<div class=\"elementor-widget-wrap elementor-element-populated\">\n\t\t\t\t\t\t<div class=\"elementor-element elementor-element-15bc0cd elementor-widget__width-initial sc_fly_static elementor-widget elementor-widget-trx_sc_title\" data-id=\"15bc0cd\" data-element_type=\"widget\" data-widget_type=\"trx_sc_title.default\">\n\t\t\t\t<div class=\"elementor-widget-container\">\n\t\t\t\t\t<div\t\tclass=\"sc_title sc_title_accent\" ><span class=\"sc_item_subtitle sc_title_subtitle sc_align_left sc_item_subtitle_above sc_item_title_style_accent\">SUNTON MAK\u0130NA<\/span><h5 class=\"sc_item_title sc_title_title sc_align_left sc_item_title_style_accent sc_item_title_tag trx_addons_inline_616926019\"\n\t\t\t><span class=\"sc_item_title_text\">Our Social Media Accounts\nFollow Us!\n<\/span><\/h5><div class=\"sc_item_descr sc_title_descr sc_align_left\"><p>Stay up to date with the latest industry developments and our brand\u2019s updates by following our social media accounts. Join us for news, innovations, and much more!<\/p>\n<\/div><\/div>\t\t\t\t<\/div>\n\t\t\t\t<\/div>\n\t\t\t\t<div class=\"elementor-element elementor-element-19c60d7 e-grid-align-left e-grid-align-mobile-center elementor-widget__width-initial elementor-shape-rounded elementor-grid-0 sc_fly_static elementor-widget elementor-widget-social-icons\" data-id=\"19c60d7\" data-element_type=\"widget\" data-widget_type=\"social-icons.default\">\n\t\t\t\t<div class=\"elementor-widget-container\">\n\t\t\t\t\t\t\t<div class=\"elementor-social-icons-wrapper elementor-grid\">\n\t\t\t\t\t\t\t<span class=\"elementor-grid-item\">\n\t\t\t\t\t<a class=\"elementor-icon elementor-social-icon elementor-social-icon-linkedin elementor-repeater-item-6a30a6a\" href=\"https:\/\/tr.linkedin.com\/company\/sunton-precision-makina\" target=\"_blank\">\n\t\t\t\t\t\t<span class=\"elementor-screen-only\">Linkedin<\/span>\n\t\t\t\t\t\t<i class=\"fab fa-linkedin\"><\/i>\t\t\t\t\t<\/a>\n\t\t\t\t<\/span>\n\t\t\t\t\t\t\t<span class=\"elementor-grid-item\">\n\t\t\t\t\t<a class=\"elementor-icon elementor-social-icon elementor-social-icon-facebook elementor-repeater-item-a4624a7\" href=\"https:\/\/www.facebook.com\/people\/Sunton-Makina\/61565673850652\/#\" target=\"_blank\">\n\t\t\t\t\t\t<span class=\"elementor-screen-only\">Facebook<\/span>\n\t\t\t\t\t\t<i class=\"fab fa-facebook\"><\/i>\t\t\t\t\t<\/a>\n\t\t\t\t<\/span>\n\t\t\t\t\t\t\t<span class=\"elementor-grid-item\">\n\t\t\t\t\t<a class=\"elementor-icon elementor-social-icon elementor-social-icon-instagram elementor-repeater-item-d8ea225\" href=\"https:\/\/www.instagram.com\/suntonmakina\/\" target=\"_blank\">\n\t\t\t\t\t\t<span class=\"elementor-screen-only\">Instagram<\/span>\n\t\t\t\t\t\t<i class=\"fab fa-instagram\"><\/i>\t\t\t\t\t<\/a>\n\t\t\t\t<\/span>\n\t\t\t\t\t\t\t<span class=\"elementor-grid-item\">\n\t\t\t\t\t<a class=\"elementor-icon elementor-social-icon elementor-social-icon-youtube elementor-repeater-item-3745ea9\" href=\"https:\/\/www.youtube.com\/@suntonmakina\" target=\"_blank\">\n\t\t\t\t\t\t<span class=\"elementor-screen-only\">Youtube<\/span>\n\t\t\t\t\t\t<i class=\"fab fa-youtube\"><\/i>\t\t\t\t\t<\/a>\n\t\t\t\t<\/span>\n\t\t\t\t\t<\/div>\n\t\t\t\t\t\t<\/div>\n\t\t\t\t<\/div>\n\t\t\t\t\t<\/div>\n\t\t<\/div>\n\t\t\t\t<div class=\"elementor-column elementor-col-50 elementor-top-column elementor-element elementor-element-b4a203e sc_content_align_left sc-mobile_content_align_center sc_layouts_column_align_left sc_layouts_column sc-mobile_layouts_column_align_center sc_layouts_column sc_inner_width_none sc_layouts_column_icons_position_left sc_fly_static\" data-id=\"b4a203e\" data-element_type=\"column\">\n\t\t\t<div class=\"elementor-widget-wrap elementor-element-populated\">\n\t\t\t\t\t\t<div class=\"elementor-element elementor-element-6ecdd51 elementor-widget__width-initial telefon animation_type_block sc_fly_static elementor-invisible elementor-widget elementor-widget-image\" data-id=\"6ecdd51\" data-element_type=\"widget\" data-settings=\"{&quot;_animation&quot;:&quot;stakeholder-fadeinup&quot;}\" data-widget_type=\"image.default\">\n\t\t\t\t<div class=\"elementor-widget-container\">\n\t\t\t\t\t\t\t\t\t\t\t\t<figure class=\"wp-caption\">\n\t\t\t\t\t\t\t\t\t\t<img decoding=\"async\" src=\"https:\/\/suntonmakina.com\/wp-content\/uploads\/elementor\/thumbs\/mockuptelefon-r43w9g254z7y99r8jj4y4svzbr4fob9mp0eldjli3s.webp\" title=\"mockuptelefon\" alt=\"mockuptelefon\" loading=\"lazy\" \/>\t\t\t\t\t\t\t\t\t\t\t<figcaption class=\"widget-image-caption wp-caption-text\"><\/figcaption>\n\t\t\t\t\t\t\t\t\t\t<\/figure>\n\t\t\t\t\t\t\t\t\t<\/div>\n\t\t\t\t<\/div>\n\t\t\t\t\t<\/div>\n\t\t<\/div>\n\t\t\t\t\t<\/div>\n\t\t<\/section>\n\t\t\t\t<section class=\"elementor-section elementor-top-section elementor-element elementor-element-9d922bf elementor-section-boxed elementor-section-height-default elementor-section-height-default sc_fly_static\" data-id=\"9d922bf\" data-element_type=\"section\">\n\t\t\t\t\t\t<div class=\"elementor-container elementor-column-gap-extended\">\n\t\t\t\t\t<div class=\"elementor-column elementor-col-100 elementor-top-column elementor-element elementor-element-8a1df89 sc_inner_width_none sc_content_align_inherit sc_layouts_column_icons_position_left sc_fly_static\" data-id=\"8a1df89\" data-element_type=\"column\">\n\t\t\t<div class=\"elementor-widget-wrap elementor-element-populated\">\n\t\t\t\t\t\t\t<\/div>\n\t\t<\/div>\n\t\t\t\t\t<\/div>\n\t\t<\/section>\n\t\t\t\t<\/div>","protected":false},"excerpt":{"rendered":"<p>Sac ve T\u00fcp Lazer Kesim Makinalar\u0131 Sac ve t\u00fcp lazer kesim makinesi, hem d\u00fcz levha hem de boru profillerini tek sistem \u00fczerinden kesebilen \u00e7ok y\u00f6nl\u00fc bir \u00fcretim \u00e7\u00f6z\u00fcm\u00fcd\u00fcr. Farkl\u0131 malzeme&hellip;<\/p>","protected":false},"author":1,"featured_media":0,"parent":0,"menu_order":12,"comment_status":"closed","ping_status":"closed","template":"","meta":{"_acf_changed":false,"footnotes":""},"class_list":["post-25639","page","type-page","status-publish","hentry"],"acf":[],"_links":{"self":[{"href":"https:\/\/suntonmakina.com\/en\/wp-json\/wp\/v2\/pages\/25639","targetHints":{"allow":["GET"]}}],"collection":[{"href":"https:\/\/suntonmakina.com\/en\/wp-json\/wp\/v2\/pages"}],"about":[{"href":"https:\/\/suntonmakina.com\/en\/wp-json\/wp\/v2\/types\/page"}],"author":[{"embeddable":true,"href":"https:\/\/suntonmakina.com\/en\/wp-json\/wp\/v2\/users\/1"}],"replies":[{"embeddable":true,"href":"https:\/\/suntonmakina.com\/en\/wp-json\/wp\/v2\/comments?post=25639"}],"version-history":[{"count":56,"href":"https:\/\/suntonmakina.com\/en\/wp-json\/wp\/v2\/pages\/25639\/revisions"}],"predecessor-version":[{"id":28580,"href":"https:\/\/suntonmakina.com\/en\/wp-json\/wp\/v2\/pages\/25639\/revisions\/28580"}],"wp:attachment":[{"href":"https:\/\/suntonmakina.com\/en\/wp-json\/wp\/v2\/media?parent=25639"}],"curies":[{"name":"wp","href":"https:\/\/api.w.org\/{rel}","templated":true}]}}